{"id":21,"date":"2024-10-04T09:24:41","date_gmt":"2024-10-04T09:24:41","guid":{"rendered":"https:\/\/lastingchangecoach.com\/erfahrungsberichte\/"},"modified":"2024-10-04T09:50:29","modified_gmt":"2024-10-04T09:50:29","slug":"erfahrungsberichte","status":"publish","type":"page","link":"https:\/\/lastingchangecoach.com\/de\/erfahrungsberichte\/","title":{"rendered":"Erfahrungsberichte"},"content":{"rendered":"<div class=\"wp-block-group alignfull has-background-background-color has-background\" style=\"margin-top:0;margin-bottom:0;padding-top:0;padding-right:0;padding-bottom:0;padding-left:0\"><div class=\"wp-block-group__inner-container is-layout-constrained wp-container-core-group-is-layout-cf14dc92 wp-block-group-is-layout-constrained\">\n<div class=\"wp-block-cover alignfull\" style=\"padding-top:0;padding-right:var(--wp--preset--spacing--30);padding-bottom:0;padding-left:var(--wp--preset--spacing--30);min-height:50px;aspect-ratio:unset;\"><span aria-hidden=\"true\" class=\"wp-block-cover__background has-black-background-color has-background-dim-60 has-background-dim\"><\/span><img loading=\"lazy\" decoding=\"async\" width=\"1280\" height=\"853\" class=\"wp-block-cover__image-background wp-image-36\" alt=\"\" src=\"https:\/\/lastingchangecoach.com\/wp-content\/uploads\/2024\/10\/85b2c50d3d35d28a04a0529307a765b38150b211.jpg\" data-object-fit=\"cover\" srcset=\"https:\/\/lastingchangecoach.com\/wp-content\/uploads\/2024\/10\/85b2c50d3d35d28a04a0529307a765b38150b211.jpg 1280w, https:\/\/lastingchangecoach.com\/wp-content\/uploads\/2024\/10\/85b2c50d3d35d28a04a0529307a765b38150b211-600x400.jpg 600w, https:\/\/lastingchangecoach.com\/wp-content\/uploads\/2024\/10\/85b2c50d3d35d28a04a0529307a765b38150b211-300x200.jpg 300w, https:\/\/lastingchangecoach.com\/wp-content\/uploads\/2024\/10\/85b2c50d3d35d28a04a0529307a765b38150b211-1024x682.jpg 1024w, https:\/\/lastingchangecoach.com\/wp-content\/uploads\/2024\/10\/85b2c50d3d35d28a04a0529307a765b38150b211-768x512.jpg 768w\" sizes=\"auto, (max-width: 1280px) 100vw, 1280px\" \/><div class=\"wp-block-cover__inner-container is-layout-flow wp-block-cover-is-layout-flow\">\n<div class=\"wp-block-group\" style=\"padding-top:var(--wp--preset--spacing--60);padding-bottom:var(--wp--preset--spacing--60)\"><div class=\"wp-block-group__inner-container is-layout-constrained wp-block-group-is-layout-constrained\">\n<div class=\"wp-block-group alignwide is-content-justification-center\"><div class=\"wp-block-group__inner-container is-layout-constrained wp-block-group-is-layout-constrained\">\n<h1 class=\"wp-block-heading has-text-align-center has-text-color has-x-large-font-size\" style=\"color:#fffffffc\">Therapeutic Coach Luxembourg &#8211; Das sagen unsere Kunden<\/h1>\n\n\n\n<p class=\"has-text-align-center has-text-color\" style=\"color:#fffffffc;margin-top:16px\">Kundenstimmen: Therapeutic Coach Luxembourg &#8211; Die erste Wahl f\u00fcr emotionales Coaching in Luxemburg.<\/p>\n<\/div><\/div>\n<\/div><\/div>\n<\/div><\/div>\n<\/div><\/div>\n\n<div class=\"wp-block-group alignfull has-tertiary-background-color has-background\" id=\"referenzen\" style=\"margin-top:0;margin-bottom:0;padding-top:var(--wp--preset--spacing--60);padding-right:var(--wp--preset--spacing--30);padding-bottom:var(--wp--preset--spacing--60);padding-left:var(--wp--preset--spacing--30)\"><div class=\"wp-block-group__inner-container is-layout-constrained wp-container-core-group-is-layout-392eb801 wp-block-group-is-layout-constrained\">\n<div class=\"wp-block-group alignwide is-content-justification-left\"><div class=\"wp-block-group__inner-container is-layout-constrained wp-container-core-group-is-layout-eded1d97 wp-block-group-is-layout-constrained\">\n<h2 class=\"wp-block-heading has-large-font-size\">Erfahrungen unserer Klienten<\/h2>\n\n\n\n<p style=\"margin-top:16px\">Therapeutic Coach Luxembourg erh\u00e4lt durchweg positive Bewertungen von Klienten, die die professionelle Unterst\u00fctzung und pers\u00f6nlichen Fortschritte betonen.<\/p>\n<\/div><\/div>\n\n\n\n<div class=\"wp-block-columns alignwide is-layout-flex wp-container-core-columns-is-layout-9d6595d7 wp-block-columns-is-layout-flex\">\n<div class=\"wp-block-column has-background-background-color has-background is-layout-flow wp-block-column-is-layout-flow\">\n<div class=\"wp-block-group\" style=\"padding-top:var(--wp--preset--spacing--30);padding-right:24px;padding-bottom:var(--wp--preset--spacing--30);padding-left:24px\"><div class=\"wp-block-group__inner-container is-layout-constrained wp-container-core-group-is-layout-6a81b5f5 wp-block-group-is-layout-constrained\">\n<p>\u201eDank Therapeutic Coach Luxembourg habe ich meine Selbstzweifel \u00fcberwunden und inneren Frieden gefunden.\u201c<\/p>\n\n\n\n<div class=\"wp-block-group is-nowrap is-layout-flex wp-container-core-group-is-layout-9510437d wp-block-group-is-layout-flex\"><div class=\"wp-block-image is-style-rounded\">\n<figure class=\"aligncenter\"><img loading=\"lazy\" decoding=\"async\" width=\"64\" height=\"64\" class=\"wp-image-49\" src=\"https:\/\/lastingchangecoach.com\/wp-content\/uploads\/2024\/10\/1fe8ae8069338e8a2770cc5eea182302d3558800.jpg\" alt=\"\" style=\"aspect-ratio:1;object-fit:cover\"\/><\/figure>\n<\/div>\n\n\n<div class=\"wp-block-group\"><div class=\"wp-block-group__inner-container is-layout-constrained wp-block-group-is-layout-constrained\">\n<h4 class=\"wp-block-heading has-text-align-left has-small-font-size\">Katrin M\u00fcller<\/h4>\n\n\n\n<p class=\"has-text-align-left has-small-font-size\" style=\"margin-top:2px\">Schullehrerin<\/p>\n<\/div><\/div>\n<\/div>\n<\/div><\/div>\n<\/div>\n\n\n\n<div class=\"wp-block-column has-background-background-color has-background is-layout-flow wp-block-column-is-layout-flow\">\n<div class=\"wp-block-group\" style=\"padding-top:var(--wp--preset--spacing--30);padding-right:24px;padding-bottom:var(--wp--preset--spacing--30);padding-left:24px\"><div class=\"wp-block-group__inner-container is-layout-constrained wp-container-core-group-is-layout-6a81b5f5 wp-block-group-is-layout-constrained\">\n<p>\u201eMit der Hilfe von Therapeutic Coach Luxembourg habe ich mein wahres Selbst entdeckt.\u201c<\/p>\n\n\n\n<div class=\"wp-block-group is-nowrap is-layout-flex wp-container-core-group-is-layout-9510437d wp-block-group-is-layout-flex\"><div class=\"wp-block-image is-style-rounded\">\n<figure class=\"aligncenter\"><img loading=\"lazy\" decoding=\"async\" width=\"64\" height=\"64\" class=\"wp-image-48\" src=\"https:\/\/lastingchangecoach.com\/wp-content\/uploads\/2024\/10\/c4edd2d47ef65ceb6e379731c2947a86594c7e16.jpg\" alt=\"\" style=\"aspect-ratio:1;object-fit:cover\"\/><\/figure>\n<\/div>\n\n\n<div class=\"wp-block-group\"><div class=\"wp-block-group__inner-container is-layout-constrained wp-block-group-is-layout-constrained\">\n<h4 class=\"wp-block-heading has-text-align-left has-small-font-size\">Lukas Schmidt<\/h4>\n\n\n\n<p class=\"has-text-align-left has-small-font-size\" style=\"margin-top:2px\">Freiberuflicher Berater<\/p>\n<\/div><\/div>\n<\/div>\n<\/div><\/div>\n<\/div>\n\n\n\n<div class=\"wp-block-column has-background-background-color has-background is-layout-flow wp-block-column-is-layout-flow\">\n<div class=\"wp-block-group\" style=\"padding-top:var(--wp--preset--spacing--30);padding-right:24px;padding-bottom:var(--wp--preset--spacing--30);padding-left:24px\"><div class=\"wp-block-group__inner-container is-layout-constrained wp-container-core-group-is-layout-6a81b5f5 wp-block-group-is-layout-constrained\">\n<p>\u201eDie ma\u00dfgeschneiderten Ans\u00e4tze von Therapeutic Coach Luxembourg haben mir geholfen, meine innere St\u00e4rke zu finden.\u201c<\/p>\n\n\n\n<div class=\"wp-block-group is-nowrap is-layout-flex wp-container-core-group-is-layout-9510437d wp-block-group-is-layout-flex\"><div class=\"wp-block-image is-style-rounded\">\n<figure class=\"aligncenter\"><img loading=\"lazy\" decoding=\"async\" width=\"64\" height=\"64\" class=\"wp-image-47\" src=\"https:\/\/lastingchangecoach.com\/wp-content\/uploads\/2024\/10\/4a71f64b1f55758349751a95c02ab73be353f75f.jpg\" alt=\"\" style=\"aspect-ratio:1;object-fit:cover\"\/><\/figure>\n<\/div>\n\n\n<div class=\"wp-block-group\"><div class=\"wp-block-group__inner-container is-layout-constrained wp-block-group-is-layout-constrained\">\n<h4 class=\"wp-block-heading has-text-align-left has-small-font-size\">Laura Fischer<\/h4>\n\n\n\n<p class=\"has-text-align-left has-small-font-size\" style=\"margin-top:2px\">Vertriebsleiterin<\/p>\n<\/div><\/div>\n<\/div>\n<\/div><\/div>\n<\/div>\n<\/div>\n<\/div><\/div>\n\n<div class=\"wp-block-group alignfull has-background-background-color has-background\" style=\"margin-top:0;margin-bottom:0;padding-top:var(--wp--preset--spacing--60);padding-right:var(--wp--preset--spacing--30);padding-bottom:var(--wp--preset--spacing--60);padding-left:var(--wp--preset--spacing--30)\"><div class=\"wp-block-group__inner-container is-layout-constrained wp-container-core-group-is-layout-392eb801 wp-block-group-is-layout-constrained\">\n<div class=\"wp-block-group alignwide has-tertiary-background-color has-background is-content-justification-space-between is-layout-flex wp-container-core-group-is-layout-1614da31 wp-block-group-is-layout-flex\" style=\"padding-top:var(--wp--preset--spacing--50);padding-right:var(--wp--preset--spacing--50);padding-bottom:var(--wp--preset--spacing--50);padding-left:var(--wp--preset--spacing--50)\">\n<div class=\"wp-block-group\"><div class=\"wp-block-group__inner-container is-layout-constrained wp-block-group-is-layout-constrained\">\n<h2 class=\"wp-block-heading has-large-font-size\">Beginnen Sie Ihre Reise jetzt!<\/h2>\n\n\n\n<p style=\"margin-top:16px\">Z\u00f6gern Sie nicht, Ihre emotionalen Blockaden zu \u00fcberwinden. Lassen Sie uns gemeinsam Ihren Weg zu mehr Selbstbewusstsein und innerem Frieden gestalten.<\/p>\n<\/div><\/div>\n\n\n\n<div class=\"wp-block-buttons is-content-justification-left is-layout-flex wp-container-core-buttons-is-layout-0934dcb1 wp-block-buttons-is-layout-flex\">\n<div class=\"wp-block-button is-style-outline is-style-outline--1\"><a class=\"wp-block-button__link wp-element-button\" href=\"\/de\/dienstleistungen\/\">Erfahren Sie mehr<\/a><\/div>\n\n\n\n<div class=\"wp-block-button\"><a class=\"wp-block-button__link wp-element-button\" href=\"\/de\/buchung\/\">Jetzt loslegen<\/a><\/div>\n<\/div>\n<\/div>\n<\/div><\/div>\n\n<div class=\"wp-block-group alignfull has-tertiary-background-color has-background\" id=\"kontakt\" style=\"margin-top:0;margin-bottom:0;padding-top:var(--wp--preset--spacing--60);padding-right:var(--wp--preset--spacing--30);padding-bottom:var(--wp--preset--spacing--60);padding-left:var(--wp--preset--spacing--30)\"><div class=\"wp-block-group__inner-container is-layout-constrained wp-container-core-group-is-layout-392eb801 wp-block-group-is-layout-constrained\">\n<div class=\"wp-block-group\" style=\"margin-bottom:var(--wp--preset--spacing--40)\"><div class=\"wp-block-group__inner-container is-layout-constrained wp-block-group-is-layout-constrained\">\n<h2 class=\"wp-block-heading has-text-align-center has-large-font-size\">Erreichen Sie Ihre Ziele mit uns!<\/h2>\n\n\n\n<p class=\"has-text-align-center\" style=\"margin-top:1rem\">Bei Fragen oder f\u00fcr mehr Infos, kontaktieren Sie uns. Wir sind gerne f\u00fcr Sie da.<\/p>\n<\/div><\/div>\n\n\n\n<div class=\"wp-block-contact-form-7-contact-form-selector\">\n<div class=\"wpcf7 no-js\" id=\"wpcf7-f16-o1\" lang=\"de-DE\" dir=\"ltr\" data-wpcf7-id=\"16\">\n<div class=\"screen-reader-response\"><p role=\"status\" aria-live=\"polite\" aria-atomic=\"true\"><\/p> <ul><\/ul><\/div>\n<form action=\"\/de\/wp-json\/wp\/v2\/pages\/21#wpcf7-f16-o1\" method=\"post\" class=\"wpcf7-form init\" aria-label=\"Kontaktformular\" novalidate=\"novalidate\" data-status=\"init\" data-trp-original-action=\"\/de\/wp-json\/wp\/v2\/pages\/21#wpcf7-f16-o1\">\n<fieldset class=\"hidden-fields-container\"><input type=\"hidden\" name=\"_wpcf7\" value=\"16\" \/><input type=\"hidden\" name=\"_wpcf7_version\" value=\"6.1.5\" \/><input type=\"hidden\" name=\"_wpcf7_locale\" value=\"de_DE\" \/><input type=\"hidden\" name=\"_wpcf7_unit_tag\" value=\"wpcf7-f16-o1\" \/><input type=\"hidden\" name=\"_wpcf7_container_post\" value=\"0\" \/><input type=\"hidden\" name=\"_wpcf7_posted_data_hash\" value=\"\" \/>\n<\/fieldset>\n<p><label> Dein Name<br \/>\n<span class=\"wpcf7-form-control-wrap\" data-name=\"your-name\"><input size=\"40\" maxlength=\"400\" class=\"wpcf7-form-control wpcf7-text wpcf7-validates-as-required\" autocomplete=\"name\" aria-required=\"true\" aria-invalid=\"false\" value=\"\" type=\"text\" name=\"your-name\" \/><\/span> <\/label>\n<\/p>\n<p><label> Deine E-Mail-Adresse<br \/>\n<span class=\"wpcf7-form-control-wrap\" data-name=\"your-email\"><input size=\"40\" maxlength=\"400\" class=\"wpcf7-form-control wpcf7-email wpcf7-validates-as-required wpcf7-text wpcf7-validates-as-email\" autocomplete=\"email\" aria-required=\"true\" aria-invalid=\"false\" value=\"\" type=\"email\" name=\"your-email\" \/><\/span> <\/label>\n<\/p>\n<p><label> Betreff<br \/>\n<span class=\"wpcf7-form-control-wrap\" data-name=\"your-subject\"><input size=\"40\" maxlength=\"400\" class=\"wpcf7-form-control wpcf7-text wpcf7-validates-as-required\" aria-required=\"true\" aria-invalid=\"false\" value=\"\" type=\"text\" name=\"your-subject\" \/><\/span> <\/label>\n<\/p>\n<p><label> Deine Nachricht (optional)<br \/>\n<span class=\"wpcf7-form-control-wrap\" data-name=\"your-message\"><textarea cols=\"40\" rows=\"10\" maxlength=\"2000\" class=\"wpcf7-form-control wpcf7-textarea\" aria-invalid=\"false\" name=\"your-message\"><\/textarea><\/span> <\/label>\n<\/p>\n<p><input class=\"wpcf7-form-control wpcf7-submit has-spinner\" type=\"submit\" value=\"Senden\" \/>\n<\/p><div class=\"wpcf7-response-output\" aria-hidden=\"true\"><\/div>\n<input type=\"hidden\" name=\"trp-form-language\" value=\"de\"\/><\/form>\n<\/div>\n<\/div>\n<\/div><\/div>","protected":false},"excerpt":{"rendered":"<p>Erfahrungen unserer Klienten Therapeutic Coach Luxembourg erh\u00e4lt durchweg positive Bewertungen von Klienten, die die professionelle Unterst\u00fctzung und pers\u00f6nlichen Fortschritte betonen. \u201eDank Therapeutic Coach Luxembourg habe ich meine Selbstzweifel \u00fcberwunden und &hellip; <\/p>","protected":false},"author":1,"featured_media":0,"parent":0,"menu_order":0,"comment_status":"closed","ping_status":"closed","template":"no-title","meta":{"footnotes":""},"class_list":["post-21","page","type-page","status-publish","hentry"],"aioseo_notices":[],"_links":{"self":[{"href":"https:\/\/lastingchangecoach.com\/de\/wp-json\/wp\/v2\/pages\/21","targetHints":{"allow":["GET"]}}],"collection":[{"href":"https:\/\/lastingchangecoach.com\/de\/wp-json\/wp\/v2\/pages"}],"about":[{"href":"https:\/\/lastingchangecoach.com\/de\/wp-json\/wp\/v2\/types\/page"}],"author":[{"embeddable":true,"href":"https:\/\/lastingchangecoach.com\/de\/wp-json\/wp\/v2\/users\/1"}],"replies":[{"embeddable":true,"href":"https:\/\/lastingchangecoach.com\/de\/wp-json\/wp\/v2\/comments?post=21"}],"version-history":[{"count":2,"href":"https:\/\/lastingchangecoach.com\/de\/wp-json\/wp\/v2\/pages\/21\/revisions"}],"predecessor-version":[{"id":59,"href":"https:\/\/lastingchangecoach.com\/de\/wp-json\/wp\/v2\/pages\/21\/revisions\/59"}],"wp:attachment":[{"href":"https:\/\/lastingchangecoach.com\/de\/wp-json\/wp\/v2\/media?parent=21"}],"curies":[{"name":"wp","href":"https:\/\/api.w.org\/{rel}","templated":true}]}}